{"id":34,"date":"2015-08-13T13:29:13","date_gmt":"2015-08-13T11:29:13","guid":{"rendered":"http:\/\/wittmunder-teehus.de.w0135315.kasserver.com\/wp-shop\/?page_id=34"},"modified":"2024-09-03T16:49:51","modified_gmt":"2024-09-03T14:49:51","slug":"lieferung","status":"publish","type":"page","link":"https:\/\/wittmunder-teehus.de\/wp-shop\/lieferung\/","title":{"rendered":"Versand \/ Lieferung"},"content":{"rendered":"<p>F\u00fcr Neukunden nur auf Vorkasse oder Paypal.<br \/>\nF\u00fcr Bestandskunden liegt die Rechnung der Bestellung bei und wird nach Erhalt der Ware f\u00e4llig.<br \/>\nJeder Bestellung lege ich eine \u00dcberraschung mit ins Paket.<\/p>\n<p>Versandkostenaufstellung und weitere Einzelheiten zur Lieferung.<\/p>\n<p>Versandkosten Paket bis 1kg\u00a0\u00a0\u00a0\u00a0\u00a0\u00a0\u00a0\u00a0\u00a0\u00a0 6,00\u20ac<\/p>\n<p>Versandkosten Paket bis 3kg\u00a0\u00a0\u00a0\u00a0\u00a0\u00a0\u00a0\u00a0\u00a0\u00a0 7,00\u20ac<\/p>\n<p>Versandkosten Paket bis 5kg\u00a0\u00a0\u00a0\u00a0\u00a0\u00a0\u00a0\u00a0\u00a0\u00a0 8,00\u20ac<\/p>\n<p>Versandkosten Paket bis 10kg\u00a0\u00a0\u00a0\u00a0\u00a0\u00a0\u00a011,00\u20ac<\/p>\n<p>Bei Versand nach \u00d6sterreich, Frankreich, Belgien, D\u00e4nemark etc. werden h\u00f6here Versandkosten berechnet, je nach Aufwand.<\/p>\n<p><strong>Bei der Bestellung werden immer 11,00\u20ac angezeigt!<\/strong><br \/>\n<strong>Wir erstatten aber nicht ben\u00f6tigte Versandkosten oder berechnen sie auf der Rechnung erst garnicht.<\/strong><\/p>\n","protected":false},"excerpt":{"rendered":"<p>F\u00fcr Neukunden nur auf Vorkasse oder Paypal. F\u00fcr Bestandskunden liegt die Rechnung der Bestellung bei und wird nach Erhalt der Ware f\u00e4llig. Jeder Bestellung lege ich eine \u00dcberraschung mit ins Paket. Versandkostenaufstellung und weitere Einzelheiten zur Lieferung. Versandkosten Paket bis 1kg\u00a0\u00a0\u00a0\u00a0\u00a0\u00a0\u00a0\u00a0\u00a0\u00a0 6,00\u20ac Versandkosten Paket bis 3kg\u00a0\u00a0\u00a0\u00a0\u00a0\u00a0\u00a0\u00a0\u00a0\u00a0 7,00\u20ac Versandkosten Paket bis 5kg\u00a0\u00a0\u00a0\u00a0\u00a0\u00a0\u00a0\u00a0\u00a0\u00a0 8,00\u20ac Versandkosten Paket bis [&hellip;]<\/p>\n","protected":false},"author":1,"featured_media":0,"parent":0,"menu_order":0,"comment_status":"closed","ping_status":"closed","template":"","meta":{"footnotes":""},"class_list":["post-34","page","type-page","status-publish","hentry"],"_links":{"self":[{"href":"https:\/\/wittmunder-teehus.de\/wp-shop\/wp-json\/wp\/v2\/pages\/34","targetHints":{"allow":["GET"]}}],"collection":[{"href":"https:\/\/wittmunder-teehus.de\/wp-shop\/wp-json\/wp\/v2\/pages"}],"about":[{"href":"https:\/\/wittmunder-teehus.de\/wp-shop\/wp-json\/wp\/v2\/types\/page"}],"author":[{"embeddable":true,"href":"https:\/\/wittmunder-teehus.de\/wp-shop\/wp-json\/wp\/v2\/users\/1"}],"replies":[{"embeddable":true,"href":"https:\/\/wittmunder-teehus.de\/wp-shop\/wp-json\/wp\/v2\/comments?post=34"}],"version-history":[{"count":27,"href":"https:\/\/wittmunder-teehus.de\/wp-shop\/wp-json\/wp\/v2\/pages\/34\/revisions"}],"predecessor-version":[{"id":8908,"href":"https:\/\/wittmunder-teehus.de\/wp-shop\/wp-json\/wp\/v2\/pages\/34\/revisions\/8908"}],"wp:attachment":[{"href":"https:\/\/wittmunder-teehus.de\/wp-shop\/wp-json\/wp\/v2\/media?parent=34"}],"curies":[{"name":"wp","href":"https:\/\/api.w.org\/{rel}","templated":true}]}}