{"id":32,"date":"2015-08-13T13:28:15","date_gmt":"2015-08-13T11:28:15","guid":{"rendered":"http:\/\/wittmunder-teehus.de.w0135315.kasserver.com\/wp-shop\/?page_id=32"},"modified":"2026-01-04T16:59:53","modified_gmt":"2026-01-04T15:59:53","slug":"zahlungsarten","status":"publish","type":"page","link":"https:\/\/wittmunder-teehus.de\/wp-shop\/zahlungsarten\/","title":{"rendered":"Zahlungsarten"},"content":{"rendered":"<p>Wir bieten Ihnen folgende Zahlungsarten an. Suchen Sie sich einfach die f\u00fcr Sie optimale Zahlart aus.<br \/>\nF\u00fcr Neukunden nur auf Vorkasse oder Paypal.<\/p>\n<h3>\u00dcberweisung<\/h3>\n<p>IBAN: DE88 2855 0000 0040 0099 20<br \/>\nBIC \/ Swift: BRLADE21LER<br \/>\nBank: Sparkasse LeerWittmund<br \/>\nKontoinhaber: Diane Br\u00fcling<\/p>\n<p>Die Rechnung liegt der Bestellung bei und wird nach Erhalt der Ware f\u00e4llig.<\/p>\n<h3>PayPal<\/h3>\n<p><a href=\"https:\/\/www.paypal.com\/de\/webapps\/mpp\/paypal-popup\" target=\"_blank\" rel=\"noopener noreferrer\">Informationen zu PayPal finden Sie hier.<\/a><\/p>\n<p><!-- PayPal Logo --><a title=\"So funktioniert PayPal\" href=\"https:\/\/www.paypal.com\/de\/webapps\/mpp\/paypal-popup\"><img decoding=\"async\" src=\"https:\/\/www.paypalobjects.com\/webstatic\/de_DE\/i\/de-pp-logo-100px.png\" alt=\"PayPal Logo\" border=\"0\" \/><\/a><!-- PayPal Logo --><\/p>\n","protected":false},"excerpt":{"rendered":"<p>Wir bieten Ihnen folgende Zahlungsarten an. Suchen Sie sich einfach die f\u00fcr Sie optimale Zahlart aus. F\u00fcr Neukunden nur auf Vorkasse oder Paypal. \u00dcberweisung IBAN: DE88 2855 0000 0040 0099 20 BIC \/ Swift: BRLADE21LER Bank: Sparkasse LeerWittmund Kontoinhaber: Diane Br\u00fcling Die Rechnung liegt der Bestellung bei und wird nach Erhalt der Ware f\u00e4llig. PayPal [&hellip;]<\/p>\n","protected":false},"author":1,"featured_media":0,"parent":0,"menu_order":0,"comment_status":"closed","ping_status":"closed","template":"","meta":{"footnotes":""},"class_list":["post-32","page","type-page","status-publish","hentry"],"_links":{"self":[{"href":"https:\/\/wittmunder-teehus.de\/wp-shop\/wp-json\/wp\/v2\/pages\/32","targetHints":{"allow":["GET"]}}],"collection":[{"href":"https:\/\/wittmunder-teehus.de\/wp-shop\/wp-json\/wp\/v2\/pages"}],"about":[{"href":"https:\/\/wittmunder-teehus.de\/wp-shop\/wp-json\/wp\/v2\/types\/page"}],"author":[{"embeddable":true,"href":"https:\/\/wittmunder-teehus.de\/wp-shop\/wp-json\/wp\/v2\/users\/1"}],"replies":[{"embeddable":true,"href":"https:\/\/wittmunder-teehus.de\/wp-shop\/wp-json\/wp\/v2\/comments?post=32"}],"version-history":[{"count":17,"href":"https:\/\/wittmunder-teehus.de\/wp-shop\/wp-json\/wp\/v2\/pages\/32\/revisions"}],"predecessor-version":[{"id":9494,"href":"https:\/\/wittmunder-teehus.de\/wp-shop\/wp-json\/wp\/v2\/pages\/32\/revisions\/9494"}],"wp:attachment":[{"href":"https:\/\/wittmunder-teehus.de\/wp-shop\/wp-json\/wp\/v2\/media?parent=32"}],"curies":[{"name":"wp","href":"https:\/\/api.w.org\/{rel}","templated":true}]}}