{"id":28,"date":"2015-08-13T13:26:55","date_gmt":"2015-08-13T11:26:55","guid":{"rendered":"http:\/\/wittmunder-teehus.de.w0135315.kasserver.com\/wp-shop\/?page_id=28"},"modified":"2018-05-24T11:57:17","modified_gmt":"2018-05-24T09:57:17","slug":"datenschutz","status":"publish","type":"page","link":"https:\/\/wittmunder-teehus.de\/wp-shop\/datenschutz\/","title":{"rendered":"Datenschutz"},"content":{"rendered":"<p><strong>Geltungsbereich<\/strong><\/p>\n<p>Diese Datenschutzerkl\u00e4rung kl\u00e4rt Nutzer (Betroffene) \u00fcber die Art, den Umfang und Zwecke der Erhebung und Verwendung personenbezogener Daten durch den Anbieter (Verantwortlichen) auf.<\/p>\n<p>Die rechtlichen Grundlagen des Datenschutzes finden sich in der Europ\u00e4ischen Datenschutzgrundverordnung (EU DSGVO) und dem Telemediengesetz (TMG).<\/p>\n<p><strong>Information der betroffenen Person nach Artikel 13 DSGVO<\/strong><\/p>\n<p>Verantwortlich:<\/p>\n<p><strong>Wittmunder Teehus<\/strong><\/p>\n<p>Inhaberin: Diane Br\u00fcling<br \/>\nNorderstr. 4<br \/>\n26409 Wittmund<br \/>\nDeutschland<\/p>\n<p>Telefon: +49(0)4462 \u2013 986491<br \/>\nFax: +49(0)4462 \u2013 986491<br \/>\nE-Mail: <a href=\"http:\/\/wittmunder-teehus.de.w0135315.kasserver.com\/shop\/impressum\/\">Wittmunder.Teehus@web.de<\/a><\/p>\n<p>&nbsp;<\/p>\n<p><strong>Umgang mit personenbezogenen Daten<\/strong><\/p>\n<p>Personenbezogene Daten sind nach Artikel 4 Nummer 1 der DSGVO Informationen, mit deren Hilfe eine Person (Betroffener) bestimmbar ist, also Angaben, die zur\u00fcck zu einer Person verfolgt werden k\u00f6nnen. Dazu geh\u00f6ren zum Beispiel der Name, die Emailadresse oder die Telefonnummer.<\/p>\n<p>Personenbezogene Daten werden von der Verantwortlichen nur dann verarbeitet, wenn der Betroffene seine Einwilligung gegeben hat, die Verarbeitung zur Vorbereitung oder Durchf\u00fchrung eines Vertrages erforderlich ist oder der Verantwortliche gesetzlich zur Verarbeitung verpflichtet ist (Artikel 6 DSGVO).<\/p>\n<p>Empf\u00e4nger, an die seine personenbezogenen Daten weitergegeben werden, werden dem Betroffenen im Einzelfall mitgeteilt.<\/p>\n<p>Eine \u00dcbermittlung personenbezogener Daten in Drittl\u00e4nder oder an internationale Organisationen ist nicht vorgesehen.<\/p>\n<p>&nbsp;<\/p>\n<p><strong>Weitere Rechte des Betroffenen<\/strong><\/p>\n<p>Personenbezogene Daten werden solange gespeichert, wie sie zur Erf\u00fcllung des Zweckes erforderlich sind. F\u00fcr die Kontaktaufnahme mit der Verantwortlichen (zum Beispiel per Kontaktformular oder E-Mail) werden die Angaben des Betroffenen zwecks Bearbeitung der Anfrage sowie f\u00fcr den Fall, dass Anschlussfragen entstehen, gespeichert.<\/p>\n<p>Dar\u00fcber hinaus werden personenbezogene Daten nur gespeichert, wenn eine gesetzliche Aufbewahrungsfrist dies vorschreibt, zum Beispiel die Aufbewahrungsfrist f\u00fcr Buchhaltungsbelege nach \u00a7 147 der Abgabenordnung (AO).<\/p>\n<p>Der Betroffene hat ein Recht auf Auskunft \u00fcber die zu seiner Personen gespeicherten Daten nach Artikel 15 DSGVO, er hat ein Recht auf Berichtigung oder Erg\u00e4nzung fehlerhafter oder unvollst\u00e4ndiger personenbezogener Daten nach Artikel 16 DSGVO und er hat ein Recht auf L\u00f6schung nach Artikel 17 DSGVO. F\u00fcr die Dauer der Bearbeitung von Antr\u00e4gen auf Berichtigung oder L\u00f6schung hat der Betroffene ein Recht auf Einschr\u00e4nkung der Verarbeitung nach Artikel 18 DSGVO.<\/p>\n<p>Der Betroffene kann zudem die Herausgabe seiner personenbezogenen Daten in einem strukturierten, g\u00e4ngigen und maschinenlesbaren Format (Recht auf Daten\u00fcbertragbarkeit) nach Artikel 20 DSGVO verlangen.<\/p>\n<p>Der Betroffene hat das Recht, erteilte Einwilligungen zur Verarbeitung seiner personenbezogenen Daten nach Artikel 6 Absatz 1 a) oder Artikel 9 Absatz 2 a) jederzeit zu widerrufen (Artikel 7 DSGVO).<\/p>\n<p>Der Betroffene hat das Recht, sich bei einer Aufsichtsbeh\u00f6rde, f\u00fcr Niedersachsen ist dies:<\/p>\n<p>Die Landesbeauftragte f\u00fcr den Datenschutz Niedersachsen<br \/>\nPrinzenstra\u00dfe 5<br \/>\n30159 Hannover<br \/>\nTelefon: 0511 120-4500<br \/>\nTelefax: 0511 120-4599<br \/>\nE-Mail: <a href=\"mailto:poststelle@lfd-niedersachsen.de\">poststelle@lfd-niedersachsen.de<\/a><\/p>\n<p>zu beschweren.<\/p>\n<p>Soweit personenbezogene Daten verarbeitet werden, informiert der Verantwortliche den Betroffenen im Einzelfall, ob diese Verarbeitung aufgrund eines Gesetzes oder Vertrages erforderlich ist und ob der Betroffene verpflichtet ist, die personenbezogenen Daten bereitzustellen und welche Folgen die Nichtbereitstellung hat.<\/p>\n<p>Eine automatisierte Entscheidungsfindung anhand personenbezogener Daten des Betroffenen findet bei der Verantwortlichen nicht statt.<\/p>\n<p>&nbsp;<\/p>\n<p><strong>Recht auf Widerruf einer datenschutzrechtlichen Einwilligung<\/strong><\/p>\n<p>Jede von der Verarbeitung personenbezogener Daten betroffene Person hat das vom Europ\u00e4ischen Richtlinien- und Verordnungsgeber gew\u00e4hrte Recht, eine Einwilligung zur Verarbeitung personenbezogener Daten jederzeit zu widerrufen.<\/p>\n<p>M\u00f6chte die betroffene Person ihr Recht auf Widerruf einer Einwilligung geltend machen, kann sie sich hierzu jederzeit an einen Mitarbeiter des f\u00fcr die Verarbeitung Verantwortlichen wenden.<\/p>\n<p>&nbsp;<\/p>\n<p><strong>Nutzung der Webseite<\/strong><\/p>\n<p>F\u00fcr die Nutzung der Webseite des Anbieters gelten folgende erg\u00e4nzende Erkl\u00e4rungen.<\/p>\n<p><strong>\u00a0<\/strong><\/p>\n<p><strong>Erfassung von allgemeinen Daten und Informationen<\/strong><\/p>\n<p>Die Internetseite des Anbieters erfasst mit jedem Aufruf der Internetseite durch eine betroffene Person oder ein automatisiertes System eine Reihe von allgemeinen Daten und Informationen. Diese allgemeinen Daten und Informationen werden in den Logfiles des Servers gespeichert. Erfasst werden k\u00f6nnen die<\/p>\n<p>(1) verwendeten Browsertypen und Versionen,<\/p>\n<p>(2) das vom zugreifenden System verwendete Betriebssystem,<\/p>\n<p>(3) die Internetseite, von welcher ein zugreifendes System auf unsere Internetseite gelangt (sogenannte Referrer),<\/p>\n<p>(4) die Unterwebseiten, welche \u00fcber ein zugreifendes System auf unserer Internetseite angesteuert werden,<\/p>\n<p>(5) das Datum und die Uhrzeit eines Zugriffs auf die Internetseite,<\/p>\n<p>(6) eine Internet-Protokoll-Adresse (IP-Adresse),<\/p>\n<p>(7) der Internet-Service-Provider des zugreifenden Systems und<\/p>\n<p>(8) sonstige \u00e4hnliche Daten und Informationen, die der Gefahrenabwehr im Falle von Angriffen auf unsere informationstechnologischen Systeme dienen.<\/p>\n<p>Bei der Nutzung dieser allgemeinen Daten und Informationen zieht der Anbieter keine R\u00fcckschl\u00fcsse auf die betroffene Person. Diese Informationen werden vielmehr ben\u00f6tigt, um<\/p>\n<p>(1) die Inhalte unserer Internetseite korrekt auszuliefern,<\/p>\n<p>(2) die Inhalte unserer Internetseite sowie die Werbung f\u00fcr diese zu optimieren,<\/p>\n<p>(3) die dauerhafte Funktionsf\u00e4higkeit unserer informationstechnologischen Systeme und der Technik unserer Internetseite zu gew\u00e4hrleisten sowie<\/p>\n<p>(4) Strafverfolgungsbeh\u00f6rden im Falle eines Cyberangriffes die zur Strafverfolgung notwendigen Informationen bereitzustellen.<\/p>\n<p>Diese anonym erhobenen Daten und Informationen werden durch den Anbieter daher einerseits statistisch und ferner mit dem Ziel ausgewertet, den Datenschutz und die Datensicherheit in unserem Unternehmen zu erh\u00f6hen, um letztlich ein optimales Schutzniveau f\u00fcr die von uns verarbeiteten personenbezogenen Daten sicherzustellen. Die anonymen Daten der Server-Logfiles werden getrennt von allen durch eine betroffene Person angegebenen personenbezogenen Daten gespeichert.<\/p>\n<p>Eine L\u00f6schung dieser Statistik-Rohdaten erfolgt nach 90 Tagen.<\/p>\n<p>Alle unter <a href=\"http:\/\/www.wittmunder-teehus.de\">www.wittmunder-teehus.de<\/a> befindlichen Daten, die sich auf unseren Servern befinden und dort \u201egehostet\u201c (also aufbewahrt) werden, sind durch hintereinander geschaltete Sicherheitssysteme vor dem Zugriff Unberechtigter gesichert. Mitarbeiter des Anbieters und ihre Systemdienstleister \u00fcberpr\u00fcfen die Wirksamkeit des Schutzes regelm\u00e4\u00dfig.<\/p>\n<p><strong>\u00a0<\/strong><\/p>\n<p><strong>Cookies<\/strong><\/p>\n<p>Unsere Internetseiten verwenden Cookies. Cookies sind Textdateien, welche \u00fcber einen Internetbrowser auf einem Computersystem abgelegt und gespeichert werden.<\/p>\n<p>Zahlreiche Internetseiten und Server verwenden Cookies. Viele Cookies enthalten eine sogenannte Cookie-ID. Eine Cookie-ID ist eine eindeutige Kennung des Cookies. Sie besteht aus einer Zeichenfolge, durch welche Internetseiten und Server dem konkreten Internetbrowser zugeordnet werden k\u00f6nnen, in dem das Cookie gespeichert wurde. Dies erm\u00f6glicht es den besuchten Internetseiten und Servern, den individuellen Browser der betroffenen Person von anderen Internetbrowsern, die andere Cookies enthalten, zu unterscheiden. Ein bestimmter Internetbrowser kann \u00fcber die eindeutige Cookie-ID wiedererkannt und identifiziert werden.<\/p>\n<p>Durch den Einsatz von Cookies kann der Anbieter den Nutzern dieser Internetseite nutzerfreundlichere Services bereitstellen, die ohne die Cookie-Setzung nicht m\u00f6glich w\u00e4ren.<\/p>\n<p>Mittels eines Cookies k\u00f6nnen die Informationen und Angebote auf unserer Internetseite im Sinne des Benutzers optimiert werden. Cookies erm\u00f6glichen uns, wie bereits erw\u00e4hnt, die Benutzer unserer Internetseite wiederzuerkennen. Zweck dieser Wiedererkennung ist es, den Nutzern die Verwendung unserer Internetseite zu erleichtern. Der Benutzer einer Internetseite, die Cookies verwendet, muss beispielsweise nicht bei jedem Besuch der Internetseite erneut seine Zugangsdaten eingeben, weil dies von der Internetseite und dem auf dem Computersystem des Benutzers abgelegten Cookie \u00fcbernommen wird. Ein weiteres Beispiel ist das Cookie eines Warenkorbes im Online-Shop. Der Online-Shop merkt sich die Artikel, die ein Kunde in den virtuellen Warenkorb gelegt hat, \u00fcber ein Cookie.<\/p>\n<p>Die betroffene Person kann die Setzung von Cookies durch unsere Internetseite jederzeit mittels einer entsprechenden Einstellung des genutzten Internetbrowsers verhindern und damit der Setzung von Cookies dauerhaft widersprechen. Ferner k\u00f6nnen bereits gesetzte Cookies jederzeit \u00fcber einen Internetbrowser oder andere Softwareprogramme gel\u00f6scht werden. Dies ist in allen g\u00e4ngigen Internetbrowsern m\u00f6glich. Deaktiviert die betroffene Person die Setzung von Cookies in dem genutzten Internetbrowser, sind unter Umst\u00e4nden nicht alle Funktionen unserer Internetseite vollumf\u00e4nglich nutzbar.<\/p>\n<p>&nbsp;<\/p>\n<p><strong>Kontaktm\u00f6glichkeit \u00fcber die Internetseite<\/strong><\/p>\n<p>Die Internetseite des Anbieters enth\u00e4lt aufgrund von gesetzlichen Vorschriften Angaben, die eine schnelle elektronische Kontaktaufnahme zu unserem Unternehmen sowie eine unmittelbare Kommunikation mit uns erm\u00f6glichen, was ebenfalls eine allgemeine Adresse der sogenannten elektronischen Post (E-Mail-Adresse) umfasst. Sofern eine betroffene Person per E-Mail oder \u00fcber ein Kontaktformular den Kontakt mit dem f\u00fcr die Verarbeitung Verantwortlichen aufnimmt, werden die von der betroffenen Person \u00fcbermittelten personenbezogenen Daten automatisch gespeichert. Solche auf freiwilliger Basis von einer betroffenen Person an den f\u00fcr die Verarbeitung Verantwortlichen \u00fcbermittelten personenbezogenen Daten werden f\u00fcr Zwecke der Bearbeitung oder der Kontaktaufnahme zur betroffenen Person gespeichert. Es erfolgt keine Weitergabe dieser personenbezogenen Daten an Dritte.<\/p>\n<p>&nbsp;<\/p>\n<p><strong>Registrierung auf unserer Internetseite<\/strong><\/p>\n<p>Die betroffene Person hat die M\u00f6glichkeit, sich auf der Internetseite des f\u00fcr die Verarbeitung Verantwortlichen unter Angabe von personenbezogenen Daten zu registrieren. Welche personenbezogenen Daten dabei an den f\u00fcr die Verarbeitung Verantwortlichen \u00fcbermittelt werden, ergibt sich aus der jeweiligen Eingabemaske, die f\u00fcr die Registrierung verwendet wird. Die von der betroffenen Person eingegebenen personenbezogenen Daten werden ausschlie\u00dflich f\u00fcr die interne Verwendung bei dem f\u00fcr die Verarbeitung Verantwortlichen und f\u00fcr eigene Zwecke erhoben und gespeichert. Der f\u00fcr die Verarbeitung Verantwortliche kann die Weitergabe an einen oder mehrere Auftragsverarbeiter, beispielsweise einen Paketdienstleister, veranlassen, der die personenbezogenen Daten ebenfalls ausschlie\u00dflich f\u00fcr eine interne Verwendung, die dem f\u00fcr die Verarbeitung Verantwortlichen zuzurechnen ist, nutzt.<\/p>\n<p>Durch eine Registrierung auf der Internetseite des f\u00fcr die Verarbeitung Verantwortlichen wird ferner die vom Internet-Service-Provider (ISP) der betroffenen Person vergebene IP-Adresse, das Datum sowie die Uhrzeit der Registrierung gespeichert. Die Speicherung dieser Daten erfolgt vor dem Hintergrund, dass nur so der Missbrauch unserer Dienste verhindert werden kann, und diese Daten im Bedarfsfall erm\u00f6glichen, begangene Straftaten aufzukl\u00e4ren. Insofern ist die Speicherung dieser Daten zur Absicherung des f\u00fcr die Verarbeitung Verantwortlichen erforderlich. Eine Weitergabe dieser Daten an Dritte erfolgt grunds\u00e4tzlich nicht, sofern keine gesetzliche Pflicht zur Weitergabe besteht oder die Weitergabe der Strafverfolgung dient.<\/p>\n<p>Die Registrierung der betroffenen Person unter freiwilliger Angabe personenbezogener Daten dient dem f\u00fcr die Verarbeitung Verantwortlichen dazu, der betroffenen Person Inhalte oder Leistungen anzubieten, die aufgrund der Natur der Sache nur registrierten Benutzern angeboten werden k\u00f6nnen. Registrierten Personen steht die M\u00f6glichkeit frei, die bei der Registrierung angegebenen personenbezogenen Daten jederzeit abzu\u00e4ndern oder vollst\u00e4ndig aus dem Datenbestand des f\u00fcr die Verarbeitung Verantwortlichen l\u00f6schen zu lassen.<\/p>\n<p>Der f\u00fcr die Verarbeitung Verantwortliche erteilt jeder betroffenen Person jederzeit auf Anfrage Auskunft dar\u00fcber, welche personenbezogenen Daten \u00fcber die betroffene Person gespeichert sind. Ferner berichtigt oder l\u00f6scht der f\u00fcr die Verarbeitung Verantwortliche personenbezogene Daten auf Wunsch oder Hinweis der betroffenen Person, soweit dem keine gesetzlichen Aufbewahrungspflichten entgegenstehen. Die Gesamtheit der Mitarbeiter des f\u00fcr die Verarbeitung Verantwortlichen stehen der betroffenen Person in diesem Zusammenhang als Ansprechpartner zur Verf\u00fcgung.<\/p>\n<p>&nbsp;<\/p>\n<p><strong>Datenschutzbestimmungen zu Einsatz und Verwendung von Facebook<\/strong><\/p>\n<p>Der Anbieter hat auf dieser Internetseite Komponenten des Unternehmens Facebook integriert. Facebook ist ein soziales Netzwerk.<\/p>\n<p>Ein soziales Netzwerk ist ein im Internet betriebener sozialer Treffpunkt, eine Online-Gemeinschaft, die es den Nutzern in der Regel erm\u00f6glicht, untereinander zu kommunizieren und im virtuellen Raum zu interagieren. Ein soziales Netzwerk kann als Plattform zum Austausch von Meinungen und Erfahrungen dienen oder erm\u00f6glicht es der Internetgemeinschaft, pers\u00f6nliche oder unternehmensbezogene Informationen bereitzustellen. Facebook erm\u00f6glicht den Nutzern des sozialen Netzwerkes unter anderem die Erstellung von privaten Profilen, den Upload von Fotos und eine Vernetzung \u00fcber Freundschaftsanfragen.<\/p>\n<p>Betreibergesellschaft von Facebook ist die Facebook, Inc., 1 Hacker Way, Menlo Park, CA 94025, USA. F\u00fcr die Verarbeitung personenbezogener Daten Verantwortlicher ist, wenn eine betroffene Person au\u00dferhalb der USA oder Kanada lebt, die Facebook Ireland Ltd., 4 Grand Canal Square, Grand Canal Harbour, Dublin 2, Ireland.<\/p>\n<p>Durch jeden Aufruf einer der Einzelseiten dieser Internetseite, die durch den f\u00fcr die Verarbeitung Verantwortlichen betrieben wird und auf welcher eine Facebook-Komponente (Facebook-Plug-In) integriert wurde, wird der Internetbrowser auf dem informationstechnologischen System der betroffenen Person automatisch durch die jeweilige Facebook-Komponente veranlasst, eine Darstellung der entsprechenden Facebook-Komponente von Facebook herunterzuladen. Eine Gesamt\u00fcbersicht \u00fcber alle Facebook-Plug-Ins kann unter https:\/\/developers.facebook.com\/docs\/plugins\/?locale=de_DE abgerufen werden. Im Rahmen dieses technischen Verfahrens erh\u00e4lt Facebook Kenntnis dar\u00fcber, welche konkrete Unterseite unserer Internetseite durch die betroffene Person besucht wird.<\/p>\n<p>Sofern die betroffene Person gleichzeitig bei Facebook eingeloggt ist, erkennt Facebook mit jedem Aufruf unserer Internetseite durch die betroffene Person und w\u00e4hrend der gesamten Dauer des jeweiligen Aufenthaltes auf unserer Internetseite, welche konkrete Unterseite unserer Internetseite die betroffene Person besucht. Diese Informationen werden durch die Facebook-Komponente gesammelt und durch Facebook dem jeweiligen Facebook-Account der betroffenen Person zugeordnet. Bet\u00e4tigt die betroffene Person einen der auf unserer Internetseite integrierten Facebook-Buttons, beispielsweise den \u201eGef\u00e4llt mir\u201c-Button, oder gibt die betroffene Person einen Kommentar ab, ordnet Facebook diese Information dem pers\u00f6nlichen Facebook-Benutzerkonto der betroffenen Person zu und speichert diese personenbezogenen Daten.<\/p>\n<p>Facebook erh\u00e4lt \u00fcber die Facebook-Komponente immer dann eine Information dar\u00fcber, dass die betroffene Person unsere Internetseite besucht hat, wenn die betroffene Person zum Zeitpunkt des Aufrufs unserer Internetseite gleichzeitig bei Facebook eingeloggt ist; dies findet unabh\u00e4ngig davon statt, ob die betroffene Person die Facebook-Komponente anklickt oder nicht. Ist eine derartige \u00dcbermittlung dieser Informationen an Facebook von der betroffenen Person nicht gewollt, kann diese die \u00dcbermittlung dadurch verhindern, dass sie sich vor einem Aufruf unserer Internetseite aus ihrem Facebook-Account ausloggt.<\/p>\n<p>Die von Facebook ver\u00f6ffentlichte Datenrichtlinie, die unter https:\/\/de-de.facebook.com\/about\/privacy\/ abrufbar ist, gibt Aufschluss \u00fcber die Erhebung, Verarbeitung und Nutzung personenbezogener Daten durch Facebook. Ferner wird dort erl\u00e4utert, welche Einstellungsm\u00f6glichkeiten Facebook zum Schutz der Privatsph\u00e4re der betroffenen Person bietet. Zudem sind unterschiedliche Applikationen erh\u00e4ltlich, die es erm\u00f6glichen, eine Daten\u00fcbermittlung an Facebook zu unterdr\u00fccken. Solche Applikationen k\u00f6nnen durch die betroffene Person genutzt werden, um eine Daten\u00fcbermittlung an Facebook zu unterdr\u00fccken.<\/p>\n<p>&nbsp;<\/p>\n<p><strong>Datenschutzbestimmungen zu PayPal als Zahlungsart<\/strong><\/p>\n<p>Der f\u00fcr die Verarbeitung Verantwortliche hat auf dieser Internetseite Komponenten von PayPal integriert. PayPal ist ein Online-Zahlungsdienstleister. Zahlungen werden \u00fcber sogenannte PayPal-Konten abgewickelt, die virtuelle Privat- oder Gesch\u00e4ftskonten darstellen. Zudem besteht bei PayPal die M\u00f6glichkeit, virtuelle Zahlungen \u00fcber Kreditkarten abzuwickeln, wenn ein Nutzer kein PayPal-Konto unterh\u00e4lt. Ein PayPal-Konto wird \u00fcber eine E-Mail-Adresse gef\u00fchrt, weshalb es keine klassische Kontonummer gibt. PayPal erm\u00f6glicht es, Online-Zahlungen an Dritte auszul\u00f6sen oder auch Zahlungen zu empfangen. PayPal \u00fcbernimmt ferner Treuh\u00e4nderfunktionen und bietet K\u00e4uferschutzdienste an.<\/p>\n<p>Die Europ\u00e4ische Betreibergesellschaft von PayPal ist die PayPal (Europe) S.\u00e0.r.l. &amp; Cie. S.C.A., 22-24 Boulevard Royal, 2449 Luxembourg, Luxemburg.<\/p>\n<p>W\u00e4hlt die betroffene Person w\u00e4hrend des Bestellvorgangs in unserem Online-Shop als Zahlungsm\u00f6glichkeit \u201ePayPal\u201c aus, werden automatisiert Daten der betroffenen Person an PayPal \u00fcbermittelt. Mit der Auswahl dieser Zahlungsoption willigt die betroffene Person in die zur Zahlungsabwicklung erforderliche \u00dcbermittlung personenbezogener Daten ein.<\/p>\n<p>Bei den an PayPal \u00fcbermittelten personenbezogenen Daten handelt es sich in der Regel um Vorname, Nachname, Adresse, Email-Adresse, IP-Adresse, Telefonnummer, Mobiltelefonnummer oder andere Daten, die zur Zahlungsabwicklung notwendig sind. Zur Abwicklung des Kaufvertrages notwendig sind auch solche personenbezogenen Daten, die im Zusammenhang mit der jeweiligen Bestellung stehen.<\/p>\n<p>Die \u00dcbermittlung der Daten bezweckt die Zahlungsabwicklung und die Betrugspr\u00e4vention. Der f\u00fcr die Verarbeitung Verantwortliche wird PayPal personenbezogene Daten insbesondere dann \u00fcbermitteln, wenn ein berechtigtes Interesse f\u00fcr die \u00dcbermittlung gegeben ist. Die zwischen PayPal und dem f\u00fcr die Verarbeitung Verantwortlichen ausgetauschten personenbezogenen Daten werden von PayPal unter Umst\u00e4nden an Wirtschaftsauskunfteien \u00fcbermittelt. Diese \u00dcbermittlung bezweckt die Identit\u00e4ts- und Bonit\u00e4tspr\u00fcfung.<\/p>\n<p>PayPal gibt die personenbezogenen Daten gegebenenfalls an verbundene Unternehmen und Leistungserbringer oder Subunternehmer weiter, soweit dies zur Erf\u00fcllung der vertraglichen Verpflichtungen erforderlich ist oder die Daten im Auftrag verarbeitet werden sollen.<\/p>\n<p>Die betroffene Person hat die M\u00f6glichkeit, die Einwilligung zum Umgang mit personenbezogenen Daten jederzeit gegen\u00fcber PayPal zu widerrufen. Ein Widerruf wirkt sich nicht auf personenbezogene Daten aus, die zwingend zur (vertragsgem\u00e4\u00dfen) Zahlungsabwicklung verarbeitet, genutzt oder \u00fcbermittelt werden m\u00fcssen.<\/p>\n<p>Die geltenden Datenschutzbestimmungen von PayPal k\u00f6nnen abgerufen werden unter <a href=\"https:\/\/www.paypal.com\/de\/webapps\/mpp\/ua\/privacy-full\">https:\/\/www.paypal.com\/de\/webapps\/mpp\/ua\/privacy-full<\/a>.<\/p>\n","protected":false},"excerpt":{"rendered":"<p>Geltungsbereich Diese Datenschutzerkl\u00e4rung kl\u00e4rt Nutzer (Betroffene) \u00fcber die Art, den Umfang und Zwecke der Erhebung und Verwendung personenbezogener Daten durch den Anbieter (Verantwortlichen) auf. Die rechtlichen Grundlagen des Datenschutzes finden sich in der Europ\u00e4ischen Datenschutzgrundverordnung (EU DSGVO) und dem Telemediengesetz (TMG). Information der betroffenen Person nach Artikel 13 DSGVO Verantwortlich: Wittmunder Teehus Inhaberin: Diane Br\u00fcling [&hellip;]<\/p>\n","protected":false},"author":1,"featured_media":0,"parent":0,"menu_order":0,"comment_status":"closed","ping_status":"closed","template":"","meta":{"footnotes":""},"class_list":["post-28","page","type-page","status-publish","hentry"],"_links":{"self":[{"href":"https:\/\/wittmunder-teehus.de\/wp-shop\/wp-json\/wp\/v2\/pages\/28","targetHints":{"allow":["GET"]}}],"collection":[{"href":"https:\/\/wittmunder-teehus.de\/wp-shop\/wp-json\/wp\/v2\/pages"}],"about":[{"href":"https:\/\/wittmunder-teehus.de\/wp-shop\/wp-json\/wp\/v2\/types\/page"}],"author":[{"embeddable":true,"href":"https:\/\/wittmunder-teehus.de\/wp-shop\/wp-json\/wp\/v2\/users\/1"}],"replies":[{"embeddable":true,"href":"https:\/\/wittmunder-teehus.de\/wp-shop\/wp-json\/wp\/v2\/comments?post=28"}],"version-history":[{"count":4,"href":"https:\/\/wittmunder-teehus.de\/wp-shop\/wp-json\/wp\/v2\/pages\/28\/revisions"}],"predecessor-version":[{"id":4770,"href":"https:\/\/wittmunder-teehus.de\/wp-shop\/wp-json\/wp\/v2\/pages\/28\/revisions\/4770"}],"wp:attachment":[{"href":"https:\/\/wittmunder-teehus.de\/wp-shop\/wp-json\/wp\/v2\/media?parent=28"}],"curies":[{"name":"wp","href":"https:\/\/api.w.org\/{rel}","templated":true}]}}