{"id":26,"date":"2015-08-13T13:26:23","date_gmt":"2015-08-13T11:26:23","guid":{"rendered":"http:\/\/wittmunder-teehus.de.w0135315.kasserver.com\/wp-shop\/?page_id=26"},"modified":"2018-05-24T11:56:23","modified_gmt":"2018-05-24T09:56:23","slug":"impressum","status":"publish","type":"page","link":"https:\/\/wittmunder-teehus.de\/wp-shop\/impressum\/","title":{"rendered":"Impressum"},"content":{"rendered":"<p><strong>Angaben gem. \u00a7 5 TMG<\/strong><\/p>\n<p>Wittmunder Teehus<br \/>\nNorderstr. 4<br \/>\n26409 Wittmund<br \/>\nDeutschland<\/p>\n<p>Telefon: +49(0)4462 &#8211; 986491<br \/>\nFax: +49(0)4462 &#8211; 986491<br \/>\nE-Mail: <a href=\"http:\/\/wittmunder-teehus.de.w0135315.kasserver.com\/shop\/impressum\/#\">Wittmunder.Teehus@web.de<\/a><\/p>\n<p><strong>Inhaberin:<\/strong><br \/>\nFrau Diane Br\u00fcling<br \/>\nNorderstra\u00dfe 4<br \/>\n26409 Wittmund<\/p>\n<p><strong>Zust\u00e4ndige Aufsichtsbeh\u00f6rde:<\/strong><br \/>\nVeterin\u00e4ramt Wittmund (Zweckverband JadeWeser)<br \/>\nSchlo\u00dfstra\u00dfe 11<br \/>\n26409 Wittmund<\/p>\n<p>Das Gewerbe ist nicht im Handelsregister eingetragen.<\/p>\n<p>USt-IdNr.: DE247950022<\/p>\n<p><strong>Verantwortlicher f\u00fcr journalistisch-redaktionelle Inhalte gem. \u00a7 55 II RstV:<\/strong><br \/>\nFrau Diane Br\u00fcling<br \/>\nNorderstra\u00dfe 4<br \/>\n26409 Wittmund<\/p>\n<p><strong>Bildquellen:<\/strong><br \/>\nHintergrundbild: <a href=\"http:\/\/www.atelier-devincent.de\/\" target=\"_blank\" rel=\"noopener\">Atelier deVincent<\/a>,\u00a0 <a href=\"https:\/\/de.fotolia.com\/\" target=\"_blank\" rel=\"noopener\">fotolia.com<\/a> &#8211; photocrew, <a href=\"https:\/\/de.fotolia.com\/\" target=\"_blank\" rel=\"noopener\">fotolia.com<\/a> &#8211; Franziska Krause<br \/>\nSeite Tee: <a href=\"https:\/\/de.fotolia.com\/\" target=\"_blank\" rel=\"noopener\">fotolia.com<\/a> &#8211; cirquedesprit<\/p>\n<p>&nbsp;<\/p>\n<p>Im Folgenden finden Sie Informationen zu:<br \/>\n<a href=\"#haftung\">1. Haftungsbeschr\u00e4nkung<\/a><br \/>\n<a href=\"#externelinks\">2. Externe Links<\/a><br \/>\n<a href=\"#urheber\">3. Urheber- und Leistungsschutzrechte<\/a><br \/>\n<a href=\"#streitbeilegung\">4. Online-Streitbeilegung<\/a><\/p>\n<p>&nbsp;<\/p>\n<p><a name=\"haftung\"><\/a><strong>1. Haftungsbeschr\u00e4nkung<\/strong><\/p>\n<p>Die Inhalte dieser Website werden mit gr\u00f6\u00dftm\u00f6glicher Sorgfalt erstellt. Der Anbieter \u00fcbernimmt jedoch keine Gew\u00e4hr f\u00fcr die Richtigkeit, Vollst\u00e4ndigkeit und Aktualit\u00e4t der bereitgestellten Inhalte. Die Nutzung der Inhalte der Website erfolgt auf eigene Gefahr des Nutzers. Namentlich gekennzeichnete Beitr\u00e4ge geben die Meinung des jeweiligen Autors und nicht immer die Meinung des Anbieters wieder. Mit der reinen Nutzung der Website des Anbieters kommt keinerlei Vertragsverh\u00e4ltnis zwischen dem Nutzer und dem Anbieter zustande.<\/p>\n<p>&nbsp;<\/p>\n<p><a name=\"externelinks\"><\/a><strong>2. Externe Links<\/strong><br \/>\nDiese Website enth\u00e4lt Verkn\u00fcpfungen zu Websites Dritter (&#8222;externe Links&#8220;). Diese Websites unterliegen der Haftung der jeweiligen Betreiber. Der Anbieter hat bei der erstmaligen Verkn\u00fcpfung der externen Links die fremden Inhalte daraufhin \u00fcberpr\u00fcft, ob etwaige Rechtsverst\u00f6\u00dfe bestehen. Zu dem Zeitpunkt waren keine Rechtsverst\u00f6\u00dfe ersichtlich. Der Anbieter hat keinerlei Einfluss auf die aktuelle und zuk\u00fcnftige Gestaltung und auf die Inhalte der verkn\u00fcpften Seiten. Das Setzen von externen Links bedeutet nicht, dass sich der Anbieter die hinter dem Verweis oder Link liegenden Inhalte zu Eigen macht. Eine st\u00e4ndige Kontrolle der externen Links ist f\u00fcr den Anbieter ohne konkrete Hinweise auf Rechtsverst\u00f6\u00dfe nicht zumutbar. Bei Kenntnis von Rechtsverst\u00f6\u00dfen werden jedoch derartige externe Links unverz\u00fcglich gel\u00f6scht.<\/p>\n<p>&nbsp;<\/p>\n<p><a name=\"urheber\"><\/a><strong>3. Urheber- und Leistungsschutzrechte<\/strong><\/p>\n<p>Die auf dieser Website ver\u00f6ffentlichten Inhalte unterliegen dem deutschen Urheber- und Leistungsschutzrecht. Jede vom deutschen Urheber- und Leistungsschutzrecht nicht zugelassene Verwertung bedarf der vorherigen schriftlichen Zustimmung des Anbieters oder jeweiligen Rechteinhabers. Dies gilt insbesondere f\u00fcr Vervielf\u00e4ltigung, Bearbeitung, \u00dcbersetzung, Einspeicherung, Verarbeitung bzw. Wiedergabe von Inhalten in Datenbanken oder anderen elektronischen Medien und Systemen. Inhalte und Rechte Dritter sind dabei als solche gekennzeichnet. Die unerlaubte Vervielf\u00e4ltigung oder Weitergabe einzelner Inhalte oder kompletter Seiten ist nicht gestattet und strafbar. Lediglich die Herstellung von Kopien und Downloads f\u00fcr den pers\u00f6nlichen, privaten und nicht kommerziellen Gebrauch ist erlaubt.<\/p>\n<p>Die Darstellung dieser Website in fremden Frames ist nur mit schriftlicher Erlaubnis zul\u00e4ssig.<\/p>\n<p>Der Autor ist bestrebt, in allen Publikationen die Urheberrechte der verwendeten Bilder, Grafiken, Tondokumente, Videosequenzen und Texte zu beachten, von ihm selbst erstellte Bilder, Grafiken, Tondokumente, Videosequenzen und Texte zu nutzen oder auf lizenzfreie Grafiken, Tondokumente, Videosequenzen und Texte zur\u00fcckzugreifen. Alle innerhalb des Internetangebotes genannten und ggf. durch Dritte gesch\u00fctzten Marken- und Warenzeichen unterliegen uneingeschr\u00e4nkt den Bestimmungen des jeweils g\u00fcltigen Kennzeichenrechts und den Besitzrechten der jeweiligen eingetragenen Eigent\u00fcmer. Allein aufgrund der blo\u00dfen Nennung ist nicht der Schluss zu ziehen, dass Markenzeichen nicht durch Rechte Dritter gesch\u00fctzt sind!<\/p>\n<p>&nbsp;<\/p>\n<p><a name=\"streitbeilegung\"><\/a><strong>4<\/strong><strong>. Online-Streitbeilegung<\/strong><\/p>\n<p>Ab dem 9.1.2016 gilt die sog. EU-Verordnung \u00fcber Online-Streitbeilegung in Verbraucherangelegenheiten (EU-Verordnung Nr. 524\/2013). Wir sind daher zur Bekanntgabe folgender Information verpflichtet:<\/p>\n<p>Nach Artikel 14 Abs. 1 der Verordnung haben \u201e<em>in der Union niedergelassene Unternehmer, die Online-Kaufvertr\u00e4ge oder Online-Dienstleistungsvertr\u00e4ge eingehen, sowie in der Union niedergelassene Online-Marktpl\u00e4tze [\u2026] auf ihren Websites einen Link zur OS-Plattform ein[zustellen]. Dieser Link muss f\u00fcr Verbraucher leicht zug\u00e4nglich sein. In der Union niedergelassene Unternehmer, die Online-Kaufvertr\u00e4ge oder Online-Dienstleistungsvertr\u00e4ge eingehen, geben zudem ihre E-Mail-Adressen an.<\/em><\/p>\n<p><em>Sofern der Unternehmer verpflichtet ist oder sich verpflichtet hat, eine oder mehrere AS-Stellen f\u00fcr die Beilegung von Streitigkeiten mit Verbrauchern zu nutzen, hat er die Verbraucher \u00fcber die Existenz der OS-Plattform und die M\u00f6glichkeit, diese f\u00fcr die Beilegung ihrer Streitigkeiten zu nutzen, zu informieren. Sie stellen auf ihren Websites sowie, falls das Angebot \u00fcber E-Mail erfolgt, in dieser E-Mail einen Link zu der OS-Plattform ein. Diese Informationen sind gegebenenfalls auch in die allgemeinen Gesch\u00e4ftsbedingungen f\u00fcr Online-Kaufvertr\u00e4ge oder Online-Dienstleistungsvertr\u00e4ge aufzunehmen (Artikel 14 Abs. 1).<\/em>\u201c<\/p>\n<p>Gem\u00e4\u00df der EU-Richtlinie wird die Europ\u00e4ische Union eine Online-Plattform erstellen, \u00fcber welche Streitigkeiten im Zusammenhang mit Online-Kaufvertr\u00e4gen beigelegt werden k\u00f6nnen.<\/p>\n<p><a href=\"http:\/\/ec.europa.eu\/consumers\/odr\">http:\/\/ec.europa.eu\/consumers\/odr<\/a><\/p>\n","protected":false},"excerpt":{"rendered":"<p>Angaben gem. \u00a7 5 TMG Wittmunder Teehus Norderstr. 4 26409 Wittmund Deutschland Telefon: +49(0)4462 &#8211; 986491 Fax: +49(0)4462 &#8211; 986491 E-Mail: Wittmunder.Teehus@web.de Inhaberin: Frau Diane Br\u00fcling Norderstra\u00dfe 4 26409 Wittmund Zust\u00e4ndige Aufsichtsbeh\u00f6rde: Veterin\u00e4ramt Wittmund (Zweckverband JadeWeser) Schlo\u00dfstra\u00dfe 11 26409 Wittmund Das Gewerbe ist nicht im Handelsregister eingetragen. USt-IdNr.: DE247950022 Verantwortlicher f\u00fcr journalistisch-redaktionelle Inhalte gem. \u00a7 [&hellip;]<\/p>\n","protected":false},"author":1,"featured_media":0,"parent":0,"menu_order":0,"comment_status":"closed","ping_status":"closed","template":"","meta":{"footnotes":""},"class_list":["post-26","page","type-page","status-publish","hentry"],"_links":{"self":[{"href":"https:\/\/wittmunder-teehus.de\/wp-shop\/wp-json\/wp\/v2\/pages\/26","targetHints":{"allow":["GET"]}}],"collection":[{"href":"https:\/\/wittmunder-teehus.de\/wp-shop\/wp-json\/wp\/v2\/pages"}],"about":[{"href":"https:\/\/wittmunder-teehus.de\/wp-shop\/wp-json\/wp\/v2\/types\/page"}],"author":[{"embeddable":true,"href":"https:\/\/wittmunder-teehus.de\/wp-shop\/wp-json\/wp\/v2\/users\/1"}],"replies":[{"embeddable":true,"href":"https:\/\/wittmunder-teehus.de\/wp-shop\/wp-json\/wp\/v2\/comments?post=26"}],"version-history":[{"count":17,"href":"https:\/\/wittmunder-teehus.de\/wp-shop\/wp-json\/wp\/v2\/pages\/26\/revisions"}],"predecessor-version":[{"id":4769,"href":"https:\/\/wittmunder-teehus.de\/wp-shop\/wp-json\/wp\/v2\/pages\/26\/revisions\/4769"}],"wp:attachment":[{"href":"https:\/\/wittmunder-teehus.de\/wp-shop\/wp-json\/wp\/v2\/media?parent=26"}],"curies":[{"name":"wp","href":"https:\/\/api.w.org\/{rel}","templated":true}]}}